{"id":1919,"date":"2025-08-04T07:57:53","date_gmt":"2025-08-04T07:57:53","guid":{"rendered":"https:\/\/detourist.it\/customize\/"},"modified":"2025-12-18T10:37:33","modified_gmt":"2025-12-18T10:37:33","slug":"erlebnis-anpassen","status":"publish","type":"page","link":"https:\/\/detourist.it\/de\/erlebnis-anpassen\/","title":{"rendered":"Erlebnis anpassen"},"content":{"rendered":"\n<div class=\"wp-block-cover alignfull\" style=\"padding-top:var(--wp--preset--spacing--80);padding-bottom:var(--wp--preset--spacing--80)\"><img loading=\"lazy\" decoding=\"async\" width=\"576\" height=\"1024\" class=\"wp-block-cover__image-background wp-image-1419 size-large\" alt=\"\" src=\"https:\/\/detourist.it\/wp-content\/uploads\/2025\/10\/detourist-canal-576x1024.webp\" data-object-fit=\"cover\" srcset=\"https:\/\/detourist.it\/wp-content\/uploads\/2025\/10\/detourist-canal-576x1024.webp 576w, https:\/\/detourist.it\/wp-content\/uploads\/2025\/10\/detourist-canal-169x300.webp 169w, https:\/\/detourist.it\/wp-content\/uploads\/2025\/10\/detourist-canal-768x1366.webp 768w, https:\/\/detourist.it\/wp-content\/uploads\/2025\/10\/detourist-canal-864x1536.webp 864w, https:\/\/detourist.it\/wp-content\/uploads\/2025\/10\/detourist-canal-1152x2048.webp 1152w, https:\/\/detourist.it\/wp-content\/uploads\/2025\/10\/detourist-canal.webp 1200w\" sizes=\"auto, (max-width: 576px) 100vw, 576px\" \/><span aria-hidden=\"true\" class=\"wp-block-cover__background has-contrast-background-color has-background-dim-40 has-background-dim\"><\/span><div class=\"wp-block-cover__inner-container has-global-padding is-layout-constrained wp-block-cover-is-layout-constrained\">\n<h1 class=\"wp-block-heading has-text-align-center\">Entdecke, wie du dein pers\u00f6nliches Venedig-Erlebnis mit mir gestalten kannst<\/h1>\n\n\n\n<p class=\"has-text-align-center\">Nicht alle Reisenden sind gleich \u2013 und meine Touren auch nicht. Wenn du etwas Besonderes im Sinn hast, lass uns gemeinsam die perfekte Route f\u00fcr deine Zeit in Venedig entwerfen.<\/p>\n<\/div><\/div>\n\n\n\n<div class=\"wp-block-columns alignfull is-layout-flex wp-container-core-columns-is-layout-1a2ddb66 wp-block-columns-is-layout-flex\" style=\"padding-right:var(--wp--preset--spacing--30);padding-left:var(--wp--preset--spacing--30)\">\n<div class=\"wp-block-column is-layout-flow wp-block-column-is-layout-flow\">\n<div style=\"height:100px\" aria-hidden=\"true\" class=\"wp-block-spacer\"><\/div>\n\n\n\n<p class=\"has-h-4-font-size\">Bist du bereit, dein pers\u00f6nliches Abenteuer zu planen?<\/p>\n\n\n\n<p>F\u00fclle das Formular unten aus oder kontaktiere mich direkt per WhatsApp oder E-Mail.<\/p>\n\n\n\n<div class=\"wp-block-contact-form-7-contact-form-selector\">\n<div class=\"wpcf7 no-js\" id=\"wpcf7-f2055-o1\" lang=\"de-DE\" dir=\"ltr\" data-wpcf7-id=\"2055\">\n<div class=\"screen-reader-response\"><p role=\"status\" aria-live=\"polite\" aria-atomic=\"true\"><\/p> <ul><\/ul><\/div>\n<form action=\"\/de\/wp-json\/wp\/v2\/pages\/1919#wpcf7-f2055-o1\" method=\"post\" class=\"wpcf7-form init\" aria-label=\"Kontaktformular\" novalidate=\"novalidate\" data-status=\"init\">\n<fieldset class=\"hidden-fields-container\"><input type=\"hidden\" name=\"_wpcf7\" value=\"2055\" \/><input type=\"hidden\" name=\"_wpcf7_version\" value=\"6.1.5\" \/><input type=\"hidden\" name=\"_wpcf7_locale\" value=\"de_DE\" \/><input type=\"hidden\" name=\"_wpcf7_unit_tag\" value=\"wpcf7-f2055-o1\" \/><input type=\"hidden\" name=\"_wpcf7_container_post\" value=\"0\" \/><input type=\"hidden\" name=\"_wpcf7_posted_data_hash\" value=\"\" \/>\n<\/fieldset>\n<p><label>Name und Vorname<br \/>\n<span class=\"wpcf7-form-control-wrap\" data-name=\"your-name\"><input size=\"40\" maxlength=\"400\" class=\"wpcf7-form-control wpcf7-text wpcf7-validates-as-required\" autocomplete=\"name\" aria-required=\"true\" aria-invalid=\"false\" value=\"\" type=\"text\" name=\"your-name\" \/><\/span> <\/label>\n<\/p>\n<p><label>Email<br \/>\n<span class=\"wpcf7-form-control-wrap\" data-name=\"your-email\"><input size=\"40\" maxlength=\"400\" class=\"wpcf7-form-control wpcf7-email wpcf7-validates-as-required wpcf7-text wpcf7-validates-as-email\" autocomplete=\"email\" aria-required=\"true\" aria-invalid=\"false\" value=\"\" type=\"email\" name=\"your-email\" \/><\/span> <\/label>\n<\/p>\n<div class=\"row\">\n\t<div class=\"col-md-6\">\n\t\t<p><label> Check in<br \/>\n<span class=\"wpcf7-form-control-wrap\" data-name=\"check-in\"><input class=\"wpcf7-form-control wpcf7-date wpcf7-validates-as-required wpcf7-validates-as-date\" aria-required=\"true\" aria-invalid=\"false\" value=\"\" type=\"date\" name=\"check-in\" \/><\/span><\/label>\n\t\t<\/p>\n\t<\/div>\n\t<div class=\"col-md-6\">\n\t\t<p><label> Check out<br \/>\n<span class=\"wpcf7-form-control-wrap\" data-name=\"check-out\"><input class=\"wpcf7-form-control wpcf7-date wpcf7-validates-as-required wpcf7-validates-as-date\" aria-required=\"true\" aria-invalid=\"false\" value=\"\" type=\"date\" name=\"check-out\" \/><\/span> <\/label>\n\t\t<\/p>\n\t<\/div>\n<\/div>\n<p><label>Betreff<br \/>\n<span class=\"wpcf7-form-control-wrap\" data-name=\"your-subject\"><input size=\"40\" maxlength=\"400\" class=\"wpcf7-form-control wpcf7-text wpcf7-validates-as-required\" aria-required=\"true\" aria-invalid=\"false\" value=\"\" type=\"text\" name=\"your-subject\" \/><\/span> <\/label>\n<\/p>\n<p><label>Deine Nachricht (optional)<br \/>\n<span class=\"wpcf7-form-control-wrap\" data-name=\"your-message\"><textarea cols=\"40\" rows=\"10\" maxlength=\"2000\" class=\"wpcf7-form-control wpcf7-textarea wpcf7-validates-as-required\" aria-required=\"true\" aria-invalid=\"false\" name=\"your-message\"><\/textarea><\/span> <\/label>\n<\/p>\n<p><span class=\"wpcf7-form-control-wrap\" data-name=\"acceptance-787\"><span class=\"wpcf7-form-control wpcf7-acceptance\"><span class=\"wpcf7-list-item\"><label><input type=\"checkbox\" name=\"acceptance-787\" value=\"1\" aria-invalid=\"false\" \/><span class=\"wpcf7-list-item-label\">Ja, ich stimme <a href=\"https:\/\/detourist.it\/de\/privacy-statement-eu\/\" target=\"_blank\">Ihrer Datenschutzerkl\u00e4rung<\/a> zu und freue mich, von Ihnen zu h\u00f6ren.<\/span><\/label><\/span><\/span><\/span>\n<\/p>\n<p><input class=\"wpcf7-form-control wpcf7-submit has-spinner\" type=\"submit\" value=\"Senden\" \/>\n<\/p><div class=\"wpcf7-response-output\" aria-hidden=\"true\"><\/div>\n<\/form>\n<\/div>\n<\/div>\n<\/div>\n\n\n\n<div class=\"wp-block-column is-layout-flow wp-block-column-is-layout-flow\">\n<div style=\"height:100px\" aria-hidden=\"true\" class=\"wp-block-spacer\"><\/div>\n\n\n\n<p class=\"has-h-4-font-size\">So funktioniert\u2019s<\/p>\n\n\n\n<div style=\"height:35px\" aria-hidden=\"true\" class=\"wp-block-spacer\"><\/div>\n\n\n\n<div class=\"wp-block-columns is-layout-flex wp-container-core-columns-is-layout-28f84493 wp-block-columns-is-layout-flex\">\n<div class=\"wp-block-column is-layout-flow wp-block-column-is-layout-flow\">\n<figure class=\"wp-block-image size-full is-resized\"><img loading=\"lazy\" decoding=\"async\" width=\"237\" height=\"238\" src=\"https:\/\/detourist.it\/wp-content\/uploads\/2025\/10\/sustainable-detourist-1.webp\" alt=\"\" class=\"wp-image-1323\" style=\"width:55px\" srcset=\"https:\/\/detourist.it\/wp-content\/uploads\/2025\/10\/sustainable-detourist-1.webp 237w, https:\/\/detourist.it\/wp-content\/uploads\/2025\/10\/sustainable-detourist-1-150x150.webp 150w\" sizes=\"auto, (max-width: 237px) 100vw, 237px\" \/><\/figure>\n\n\n\n<p><strong>Formular ausf\u00fcllen<\/strong><\/p>\n\n\n\n<p>Sag mir, was du erleben m\u00f6chtest \u2013 einen entspannten Spaziergang, eine abenteuerliche Radtour, eine ruhige Kajakfahrt oder einen Besuch in Venedigs Museen.<\/p>\n<\/div>\n\n\n\n<div class=\"wp-block-column is-layout-flow wp-block-column-is-layout-flow\">\n<figure class=\"wp-block-image size-full is-resized\"><img loading=\"lazy\" decoding=\"async\" width=\"238\" height=\"238\" src=\"https:\/\/detourist.it\/wp-content\/uploads\/2025\/10\/sustainable-detourist-2.webp\" alt=\"\" class=\"wp-image-1324\" style=\"width:55px\" srcset=\"https:\/\/detourist.it\/wp-content\/uploads\/2025\/10\/sustainable-detourist-2.webp 238w, https:\/\/detourist.it\/wp-content\/uploads\/2025\/10\/sustainable-detourist-2-150x150.webp 150w\" sizes=\"auto, (max-width: 238px) 100vw, 238px\" \/><\/figure>\n\n\n\n<p><strong>Details mitteilen<\/strong><\/p>\n\n\n\n<p>Dein Ankunftsdatum, Unterkunft, Gruppengr\u00f6\u00dfe (Paar, Familie, Kinder, Freunde) sowie besondere W\u00fcnsche oder Bed\u00fcrfnisse.<\/p>\n<\/div>\n<\/div>\n\n\n\n<div style=\"height:25px\" aria-hidden=\"true\" class=\"wp-block-spacer\"><\/div>\n\n\n\n<div class=\"wp-block-columns is-layout-flex wp-container-core-columns-is-layout-28f84493 wp-block-columns-is-layout-flex\">\n<div class=\"wp-block-column is-layout-flow wp-block-column-is-layout-flow\">\n<figure class=\"wp-block-image size-full is-resized\"><img loading=\"lazy\" decoding=\"async\" width=\"238\" height=\"238\" src=\"https:\/\/detourist.it\/wp-content\/uploads\/2025\/10\/sustainable-detourist-3.webp\" alt=\"\" class=\"wp-image-1325\" style=\"width:55px\" srcset=\"https:\/\/detourist.it\/wp-content\/uploads\/2025\/10\/sustainable-detourist-3.webp 238w, https:\/\/detourist.it\/wp-content\/uploads\/2025\/10\/sustainable-detourist-3-150x150.webp 150w\" sizes=\"auto, (max-width: 238px) 100vw, 238px\" \/><\/figure>\n\n\n\n<p><strong>Du erhaltest dein Plan &amp; Kostenvoranschlag <\/strong><\/p>\n\n\n\n<p>Ich sende dir einen detaillierten, ma\u00dfgeschneiderten Vorschlag mit einem transparenten Angebot.<\/p>\n<\/div>\n\n\n\n<div class=\"wp-block-column is-layout-flow wp-block-column-is-layout-flow\">\n<figure class=\"wp-block-image size-full is-resized\"><img loading=\"lazy\" decoding=\"async\" width=\"238\" height=\"238\" src=\"https:\/\/detourist.it\/wp-content\/uploads\/2025\/10\/sustainable-detourist-4.webp\" alt=\"\" class=\"wp-image-1326\" style=\"width:55px\" srcset=\"https:\/\/detourist.it\/wp-content\/uploads\/2025\/10\/sustainable-detourist-4.webp 238w, https:\/\/detourist.it\/wp-content\/uploads\/2025\/10\/sustainable-detourist-4-150x150.webp 150w\" sizes=\"auto, (max-width: 238px) 100vw, 238px\" \/><\/figure>\n\n\n\n<p><strong>Venedig auf deine Art genie\u00dfen<\/strong><\/p>\n\n\n\n<p>Lehn dich zur\u00fcck und \u00fcberlass mir den Rest. Gemeinsam schaffen wir Erinnerungen, die ein Leben lang bleiben.<\/p>\n<\/div>\n<\/div>\n\n\n\n<div style=\"height:25px\" aria-hidden=\"true\" class=\"wp-block-spacer\"><\/div>\n\n\n\n<div class=\"wp-block-buttons is-layout-flex wp-block-buttons-is-layout-flex\">\n<div class=\"wp-block-button\"><a class=\"wp-block-button__link wp-element-button\" href=\"https:\/\/detourist.it\/de\/meine-detouren\/\">Entdecke meine deTouren<\/a><\/div>\n\n\n\n<div class=\"wp-block-button\"><a class=\"wp-block-button__link wp-element-button\" href=\"https:\/\/detourist.it\/de\/kontakt\/\">Kontaktiere mich<\/a><\/div>\n<\/div>\n\n\n\n<div style=\"height:65px\" aria-hidden=\"true\" class=\"wp-block-spacer\"><\/div>\n<\/div>\n<\/div>\n\n\n\n<p><\/p>\n","protected":false},"excerpt":{"rendered":"<p>Bist du bereit, dein pers\u00f6nliches Abenteuer zu planen? F\u00fclle das Formular unten aus oder kontaktiere mich direkt per WhatsApp oder E-Mail. So funktioniert\u2019s Formular ausf\u00fcllen Sag mir, was du erleben m\u00f6chtest \u2013 einen entspannten Spaziergang, eine abenteuerliche Radtour, eine ruhige Kajakfahrt oder einen Besuch in Venedigs Museen. Details mitteilen Dein Ankunftsdatum, Unterkunft, Gruppengr\u00f6\u00dfe (Paar, Familie, [&hellip;]<\/p>\n","protected":false},"author":1,"featured_media":0,"parent":0,"menu_order":0,"comment_status":"closed","ping_status":"closed","template":"templates\/gutenberg.php","meta":{"_acf_changed":false,"footnotes":""},"class_list":["post-1919","page","type-page","status-publish","hentry"],"acf":[],"_links":{"self":[{"href":"https:\/\/detourist.it\/de\/wp-json\/wp\/v2\/pages\/1919","targetHints":{"allow":["GET"]}}],"collection":[{"href":"https:\/\/detourist.it\/de\/wp-json\/wp\/v2\/pages"}],"about":[{"href":"https:\/\/detourist.it\/de\/wp-json\/wp\/v2\/types\/page"}],"author":[{"embeddable":true,"href":"https:\/\/detourist.it\/de\/wp-json\/wp\/v2\/users\/1"}],"replies":[{"embeddable":true,"href":"https:\/\/detourist.it\/de\/wp-json\/wp\/v2\/comments?post=1919"}],"version-history":[{"count":10,"href":"https:\/\/detourist.it\/de\/wp-json\/wp\/v2\/pages\/1919\/revisions"}],"predecessor-version":[{"id":2724,"href":"https:\/\/detourist.it\/de\/wp-json\/wp\/v2\/pages\/1919\/revisions\/2724"}],"wp:attachment":[{"href":"https:\/\/detourist.it\/de\/wp-json\/wp\/v2\/media?parent=1919"}],"curies":[{"name":"wp","href":"https:\/\/api.w.org\/{rel}","templated":true}]}}