{"id":1921,"date":"2025-08-04T07:57:53","date_gmt":"2025-08-04T07:57:53","guid":{"rendered":"https:\/\/detourist.it\/customize\/"},"modified":"2025-12-18T10:39:42","modified_gmt":"2025-12-18T10:39:42","slug":"personaliza-tu-experiencia","status":"publish","type":"page","link":"https:\/\/detourist.it\/es\/personaliza-tu-experiencia\/","title":{"rendered":"Personaliza tu experiencia"},"content":{"rendered":"\n<div class=\"wp-block-cover alignfull\" style=\"padding-top:var(--wp--preset--spacing--80);padding-bottom:var(--wp--preset--spacing--80)\"><img loading=\"lazy\" decoding=\"async\" width=\"576\" height=\"1024\" class=\"wp-block-cover__image-background wp-image-1419 size-large\" alt=\"\" src=\"https:\/\/detourist.it\/wp-content\/uploads\/2025\/10\/detourist-canal-576x1024.webp\" data-object-fit=\"cover\" srcset=\"https:\/\/detourist.it\/wp-content\/uploads\/2025\/10\/detourist-canal-576x1024.webp 576w, https:\/\/detourist.it\/wp-content\/uploads\/2025\/10\/detourist-canal-169x300.webp 169w, https:\/\/detourist.it\/wp-content\/uploads\/2025\/10\/detourist-canal-768x1366.webp 768w, https:\/\/detourist.it\/wp-content\/uploads\/2025\/10\/detourist-canal-864x1536.webp 864w, https:\/\/detourist.it\/wp-content\/uploads\/2025\/10\/detourist-canal-1152x2048.webp 1152w, https:\/\/detourist.it\/wp-content\/uploads\/2025\/10\/detourist-canal.webp 1200w\" sizes=\"auto, (max-width: 576px) 100vw, 576px\" \/><span aria-hidden=\"true\" class=\"wp-block-cover__background has-contrast-background-color has-background-dim-60 has-background-dim\"><\/span><div class=\"wp-block-cover__inner-container has-global-padding is-layout-constrained wp-block-cover-is-layout-constrained\">\n<h1 class=\"wp-block-heading has-text-align-center\">Descubre c\u00f3mo crear tu experiencia personalizada en Venecia conmigo<\/h1>\n\n\n\n<p class=\"has-text-align-center\">No todos los viajeros son iguales \u2013 y tampoco lo son mis tours. Si tienes algo especial en mente, dise\u00f1emos juntos el itinerario perfecto para tu estancia en Venecia.<\/p>\n<\/div><\/div>\n\n\n\n<div class=\"wp-block-columns alignfull is-layout-flex wp-container-core-columns-is-layout-1a2ddb66 wp-block-columns-is-layout-flex\" style=\"padding-right:var(--wp--preset--spacing--30);padding-left:var(--wp--preset--spacing--30)\">\n<div class=\"wp-block-column is-layout-flow wp-block-column-is-layout-flow\">\n<div style=\"height:100px\" aria-hidden=\"true\" class=\"wp-block-spacer\"><\/div>\n\n\n\n<p class=\"has-h-4-font-size\">\u00bfListo para planear tu aventura personalizada?<\/p>\n\n\n\n<p>Rellena el formulario de abajo o cont\u00e1ctame directamente por WhatsApp o correo electr\u00f3nico.<\/p>\n\n\n\n<div class=\"wp-block-contact-form-7-contact-form-selector\">\n<div class=\"wpcf7 no-js\" id=\"wpcf7-f2057-o1\" lang=\"es-ES\" dir=\"ltr\" data-wpcf7-id=\"2057\">\n<div class=\"screen-reader-response\"><p role=\"status\" aria-live=\"polite\" aria-atomic=\"true\"><\/p> <ul><\/ul><\/div>\n<form action=\"\/es\/wp-json\/wp\/v2\/pages\/1921#wpcf7-f2057-o1\" method=\"post\" class=\"wpcf7-form init\" aria-label=\"Formulario de contacto\" novalidate=\"novalidate\" data-status=\"init\">\n<fieldset class=\"hidden-fields-container\"><input type=\"hidden\" name=\"_wpcf7\" value=\"2057\" \/><input type=\"hidden\" name=\"_wpcf7_version\" value=\"6.1.5\" \/><input type=\"hidden\" name=\"_wpcf7_locale\" value=\"es_ES\" \/><input type=\"hidden\" name=\"_wpcf7_unit_tag\" value=\"wpcf7-f2057-o1\" \/><input type=\"hidden\" name=\"_wpcf7_container_post\" value=\"0\" \/><input type=\"hidden\" name=\"_wpcf7_posted_data_hash\" value=\"\" \/>\n<\/fieldset>\n<p><label>Nombre y Apellido<br \/>\n<span class=\"wpcf7-form-control-wrap\" data-name=\"your-name\"><input size=\"40\" maxlength=\"400\" class=\"wpcf7-form-control wpcf7-text wpcf7-validates-as-required\" autocomplete=\"name\" aria-required=\"true\" aria-invalid=\"false\" value=\"\" type=\"text\" name=\"your-name\" \/><\/span> <\/label>\n<\/p>\n<p><label>Email<br \/>\n<span class=\"wpcf7-form-control-wrap\" data-name=\"your-email\"><input size=\"40\" maxlength=\"400\" class=\"wpcf7-form-control wpcf7-email wpcf7-validates-as-required wpcf7-text wpcf7-validates-as-email\" autocomplete=\"email\" aria-required=\"true\" aria-invalid=\"false\" value=\"\" type=\"email\" name=\"your-email\" \/><\/span> <\/label>\n<\/p>\n<div class=\"row\">\n\t<div class=\"col-md-6\">\n\t\t<p><label> Check in<br \/>\n<span class=\"wpcf7-form-control-wrap\" data-name=\"check-in\"><input class=\"wpcf7-form-control wpcf7-date wpcf7-validates-as-required wpcf7-validates-as-date\" aria-required=\"true\" aria-invalid=\"false\" value=\"\" type=\"date\" name=\"check-in\" \/><\/span><\/label>\n\t\t<\/p>\n\t<\/div>\n\t<div class=\"col-md-6\">\n\t\t<p><label> Check out<br \/>\n<span class=\"wpcf7-form-control-wrap\" data-name=\"check-out\"><input class=\"wpcf7-form-control wpcf7-date wpcf7-validates-as-required wpcf7-validates-as-date\" aria-required=\"true\" aria-invalid=\"false\" value=\"\" type=\"date\" name=\"check-out\" \/><\/span> <\/label>\n\t\t<\/p>\n\t<\/div>\n<\/div>\n<p><label>Asunto<br \/>\n<span class=\"wpcf7-form-control-wrap\" data-name=\"your-subject\"><input size=\"40\" maxlength=\"400\" class=\"wpcf7-form-control wpcf7-text wpcf7-validates-as-required\" aria-required=\"true\" aria-invalid=\"false\" value=\"\" type=\"text\" name=\"your-subject\" \/><\/span> <\/label>\n<\/p>\n<p><label>Mensaje<br \/>\n<span class=\"wpcf7-form-control-wrap\" data-name=\"your-message\"><textarea cols=\"40\" rows=\"10\" maxlength=\"2000\" class=\"wpcf7-form-control wpcf7-textarea wpcf7-validates-as-required\" aria-required=\"true\" aria-invalid=\"false\" name=\"your-message\"><\/textarea><\/span> <\/label>\n<\/p>\n<p><span class=\"wpcf7-form-control-wrap\" data-name=\"acceptance-878\"><span class=\"wpcf7-form-control wpcf7-acceptance\"><span class=\"wpcf7-list-item\"><label><input type=\"checkbox\" name=\"acceptance-878\" value=\"1\" aria-invalid=\"false\" \/><span class=\"wpcf7-list-item-label\">S\u00ed, acepto su <a href=\"https:\/\/detourist.it\/es\/privacy-statement-eu\/\" target=\"_blank\">Pol\u00edtica de Privacidad<\/a> y me encantar\u00eda recibir noticias de ustedes.<\/span><\/label><\/span><\/span><\/span>\n<\/p>\n<p><input class=\"wpcf7-form-control wpcf7-submit has-spinner\" type=\"submit\" value=\"Enviar\" \/>\n<\/p><div class=\"wpcf7-response-output\" aria-hidden=\"true\"><\/div>\n<\/form>\n<\/div>\n<\/div>\n<\/div>\n\n\n\n<div class=\"wp-block-column is-layout-flow wp-block-column-is-layout-flow\">\n<div style=\"height:100px\" aria-hidden=\"true\" class=\"wp-block-spacer\"><\/div>\n\n\n\n<p class=\"has-h-4-font-size\">C\u00f3mo funciona<\/p>\n\n\n\n<div style=\"height:35px\" aria-hidden=\"true\" class=\"wp-block-spacer\"><\/div>\n\n\n\n<div class=\"wp-block-columns is-layout-flex wp-container-core-columns-is-layout-28f84493 wp-block-columns-is-layout-flex\">\n<div class=\"wp-block-column is-layout-flow wp-block-column-is-layout-flow\">\n<figure class=\"wp-block-image size-full is-resized\"><img loading=\"lazy\" decoding=\"async\" width=\"237\" height=\"238\" src=\"https:\/\/detourist.it\/wp-content\/uploads\/2025\/10\/sustainable-detourist-1.webp\" alt=\"\" class=\"wp-image-1323\" style=\"width:55px\" srcset=\"https:\/\/detourist.it\/wp-content\/uploads\/2025\/10\/sustainable-detourist-1.webp 237w, https:\/\/detourist.it\/wp-content\/uploads\/2025\/10\/sustainable-detourist-1-150x150.webp 150w\" sizes=\"auto, (max-width: 237px) 100vw, 237px\" \/><\/figure>\n\n\n\n<p><strong>Rellena el formulario<\/strong><\/p>\n\n\n\n<p>Cu\u00e9ntame qu\u00e9 te gustar\u00eda vivir \u2013 un paseo relajado, una ruta en bici aventurera, una tranquila excursi\u00f3n en kayak o una visita a los museos de Venecia.<\/p>\n<\/div>\n\n\n\n<div class=\"wp-block-column is-layout-flow wp-block-column-is-layout-flow\">\n<figure class=\"wp-block-image size-full is-resized\"><img loading=\"lazy\" decoding=\"async\" width=\"238\" height=\"238\" src=\"https:\/\/detourist.it\/wp-content\/uploads\/2025\/10\/sustainable-detourist-2.webp\" alt=\"\" class=\"wp-image-1324\" style=\"width:55px\" srcset=\"https:\/\/detourist.it\/wp-content\/uploads\/2025\/10\/sustainable-detourist-2.webp 238w, https:\/\/detourist.it\/wp-content\/uploads\/2025\/10\/sustainable-detourist-2-150x150.webp 150w\" sizes=\"auto, (max-width: 238px) 100vw, 238px\" \/><\/figure>\n\n\n\n<p><strong>Comparte los detalles<\/strong><\/p>\n\n\n\n<p>Tu fecha de llegada, alojamiento, tama\u00f1o del grupo (pareja, familia, ni\u00f1os, amigos) y cualquier necesidad especial.<\/p>\n<\/div>\n<\/div>\n\n\n\n<div style=\"height:25px\" aria-hidden=\"true\" class=\"wp-block-spacer\"><\/div>\n\n\n\n<div class=\"wp-block-columns is-layout-flex wp-container-core-columns-is-layout-28f84493 wp-block-columns-is-layout-flex\">\n<div class=\"wp-block-column is-layout-flow wp-block-column-is-layout-flow\">\n<figure class=\"wp-block-image size-full is-resized\"><img loading=\"lazy\" decoding=\"async\" width=\"238\" height=\"238\" src=\"https:\/\/detourist.it\/wp-content\/uploads\/2025\/10\/sustainable-detourist-3.webp\" alt=\"\" class=\"wp-image-1325\" style=\"width:55px\" srcset=\"https:\/\/detourist.it\/wp-content\/uploads\/2025\/10\/sustainable-detourist-3.webp 238w, https:\/\/detourist.it\/wp-content\/uploads\/2025\/10\/sustainable-detourist-3-150x150.webp 150w\" sizes=\"auto, (max-width: 238px) 100vw, 238px\" \/><\/figure>\n\n\n\n<p><strong>Recibe tu plan y presupuesto<\/strong><\/p>\n\n\n\n<p>Te enviar\u00e9 una propuesta detallada y a medida con un presupuesto transparente.<\/p>\n<\/div>\n\n\n\n<div class=\"wp-block-column is-layout-flow wp-block-column-is-layout-flow\">\n<figure class=\"wp-block-image size-full is-resized\"><img loading=\"lazy\" decoding=\"async\" width=\"238\" height=\"238\" src=\"https:\/\/detourist.it\/wp-content\/uploads\/2025\/10\/sustainable-detourist-4.webp\" alt=\"\" class=\"wp-image-1326\" style=\"width:55px\" srcset=\"https:\/\/detourist.it\/wp-content\/uploads\/2025\/10\/sustainable-detourist-4.webp 238w, https:\/\/detourist.it\/wp-content\/uploads\/2025\/10\/sustainable-detourist-4-150x150.webp 150w\" sizes=\"auto, (max-width: 238px) 100vw, 238px\" \/><\/figure>\n\n\n\n<p><strong>Disfruta Venecia a tu manera<\/strong><\/p>\n\n\n\n<p>Rel\u00e1jate y deja que me encargue del resto. Juntos crearemos recuerdos que durar\u00e1n toda la vida.<\/p>\n<\/div>\n<\/div>\n\n\n\n<div style=\"height:25px\" aria-hidden=\"true\" class=\"wp-block-spacer\"><\/div>\n\n\n\n<div class=\"wp-block-buttons is-layout-flex wp-block-buttons-is-layout-flex\">\n<div class=\"wp-block-button\"><a class=\"wp-block-button__link wp-element-button\" href=\"https:\/\/detourist.it\/es\/mis-detours\/\">Descubre mis Tours<\/a><\/div>\n\n\n\n<div class=\"wp-block-button\"><a class=\"wp-block-button__link wp-element-button\" href=\"https:\/\/detourist.it\/es\/contactos\/\">Cont\u00e1ctame<\/a><\/div>\n<\/div>\n\n\n\n<div style=\"height:65px\" aria-hidden=\"true\" class=\"wp-block-spacer\"><\/div>\n<\/div>\n<\/div>\n\n\n\n<p><\/p>\n","protected":false},"excerpt":{"rendered":"<p>\u00bfListo para planear tu aventura personalizada? Rellena el formulario de abajo o cont\u00e1ctame directamente por WhatsApp o correo electr\u00f3nico. C\u00f3mo funciona Rellena el formulario Cu\u00e9ntame qu\u00e9 te gustar\u00eda vivir \u2013 un paseo relajado, una ruta en bici aventurera, una tranquila excursi\u00f3n en kayak o una visita a los museos de Venecia. Comparte los detalles Tu [&hellip;]<\/p>\n","protected":false},"author":1,"featured_media":0,"parent":0,"menu_order":0,"comment_status":"closed","ping_status":"closed","template":"templates\/gutenberg.php","meta":{"_acf_changed":false,"footnotes":""},"class_list":["post-1921","page","type-page","status-publish","hentry"],"acf":[],"_links":{"self":[{"href":"https:\/\/detourist.it\/es\/wp-json\/wp\/v2\/pages\/1921","targetHints":{"allow":["GET"]}}],"collection":[{"href":"https:\/\/detourist.it\/es\/wp-json\/wp\/v2\/pages"}],"about":[{"href":"https:\/\/detourist.it\/es\/wp-json\/wp\/v2\/types\/page"}],"author":[{"embeddable":true,"href":"https:\/\/detourist.it\/es\/wp-json\/wp\/v2\/users\/1"}],"replies":[{"embeddable":true,"href":"https:\/\/detourist.it\/es\/wp-json\/wp\/v2\/comments?post=1921"}],"version-history":[{"count":9,"href":"https:\/\/detourist.it\/es\/wp-json\/wp\/v2\/pages\/1921\/revisions"}],"predecessor-version":[{"id":2726,"href":"https:\/\/detourist.it\/es\/wp-json\/wp\/v2\/pages\/1921\/revisions\/2726"}],"wp:attachment":[{"href":"https:\/\/detourist.it\/es\/wp-json\/wp\/v2\/media?parent=1921"}],"curies":[{"name":"wp","href":"https:\/\/api.w.org\/{rel}","templated":true}]}}