{"id":2455,"date":"2025-10-22T13:34:11","date_gmt":"2025-10-22T13:34:11","guid":{"rendered":"https:\/\/detourist.it\/gift-cards\/"},"modified":"2025-10-22T20:28:11","modified_gmt":"2025-10-22T20:28:11","slug":"tarjeta-regalo","status":"publish","type":"page","link":"https:\/\/detourist.it\/es\/tarjeta-regalo\/","title":{"rendered":"Tarjeta Regalo"},"content":{"rendered":"\n<div style=\"height:120px\" aria-hidden=\"true\" class=\"wp-block-spacer\"><\/div>\n\n\n\n<h1 class=\"wp-block-heading has-text-align-center has-h-4-font-size\">Tours en Venecia<\/h1>\n\n\n\n<p class=\"has-text-align-center has-display-1-font-size\">Compra una Tarjeta Regalo<\/p>\n\n\n\n<p class=\"has-text-align-center\">\u00a1Comparte tu pasi\u00f3n por Venecia con alguien especial!<\/p>\n\n\n\n<figure class=\"wp-block-image aligncenter size-full is-resized\"><img loading=\"lazy\" decoding=\"async\" width=\"800\" height=\"358\" src=\"https:\/\/detourist.it\/wp-content\/uploads\/2025\/10\/detourist-arrow-down.webp\" alt=\"\" class=\"wp-image-1304\" style=\"width:400px;height:auto\" srcset=\"https:\/\/detourist.it\/wp-content\/uploads\/2025\/10\/detourist-arrow-down.webp 800w, https:\/\/detourist.it\/wp-content\/uploads\/2025\/10\/detourist-arrow-down-300x134.webp 300w, https:\/\/detourist.it\/wp-content\/uploads\/2025\/10\/detourist-arrow-down-768x344.webp 768w\" sizes=\"auto, (max-width: 800px) 100vw, 800px\" \/><\/figure>\n\n\n\n<div class=\"wp-block-columns alignwide is-layout-flex wp-container-core-columns-is-layout-7abde1fe wp-block-columns-is-layout-flex\" style=\"padding-top:var(--wp--preset--spacing--40);padding-bottom:var(--wp--preset--spacing--40)\">\n<div class=\"wp-block-column is-layout-flow wp-block-column-is-layout-flow\">\n<div class=\"wp-block-group is-vertical is-content-justification-center is-layout-flex wp-container-core-group-is-layout-ce155fab wp-block-group-is-layout-flex\">\n<figure class=\"wp-block-image size-full is-resized wp-container-content-782f50a5\"><img loading=\"lazy\" decoding=\"async\" width=\"237\" height=\"238\" src=\"https:\/\/detourist.it\/wp-content\/uploads\/2025\/10\/sustainable-detourist-1.webp\" alt=\"\" class=\"wp-image-1323\" style=\"width:80px\" srcset=\"https:\/\/detourist.it\/wp-content\/uploads\/2025\/10\/sustainable-detourist-1.webp 237w, https:\/\/detourist.it\/wp-content\/uploads\/2025\/10\/sustainable-detourist-1-150x150.webp 150w\" sizes=\"auto, (max-width: 237px) 100vw, 237px\" \/><\/figure>\n\n\n\n<p class=\"has-text-align-center\"><strong><strong>Mejor valor, mejor precio<\/strong><\/strong><\/p>\n\n\n\n<p>Aprovecha tarifas especiales y asegura la mejor oferta.<\/p>\n<\/div>\n<\/div>\n\n\n\n<div class=\"wp-block-column is-layout-flow wp-block-column-is-layout-flow\">\n<div class=\"wp-block-group is-vertical is-content-justification-center is-layout-flex wp-container-core-group-is-layout-ce155fab wp-block-group-is-layout-flex\">\n<figure class=\"wp-block-image size-full is-resized wp-container-content-782f50a5\"><img loading=\"lazy\" decoding=\"async\" width=\"238\" height=\"238\" src=\"https:\/\/detourist.it\/wp-content\/uploads\/2025\/10\/sustainable-detourist-2.webp\" alt=\"\" class=\"wp-image-1324\" style=\"width:80px\" srcset=\"https:\/\/detourist.it\/wp-content\/uploads\/2025\/10\/sustainable-detourist-2.webp 238w, https:\/\/detourist.it\/wp-content\/uploads\/2025\/10\/sustainable-detourist-2-150x150.webp 150w\" sizes=\"auto, (max-width: 238px) 100vw, 238px\" \/><\/figure>\n\n\n\n<p class=\"has-text-align-center\"><strong><strong>Sin fecha de caducidad<\/strong><\/strong><\/p>\n\n\n\n<p class=\"has-text-align-center\">Nuestras tarjetas regalo nunca caducan \u2014 \u00a1son v\u00e1lidas para siempre!<\/p>\n<\/div>\n<\/div>\n\n\n\n<div class=\"wp-block-column is-layout-flow wp-block-column-is-layout-flow\">\n<div class=\"wp-block-group is-vertical is-content-justification-center is-layout-flex wp-container-core-group-is-layout-ce155fab wp-block-group-is-layout-flex\">\n<figure class=\"wp-block-image size-full is-resized wp-container-content-782f50a5\"><img loading=\"lazy\" decoding=\"async\" width=\"238\" height=\"238\" src=\"https:\/\/detourist.it\/wp-content\/uploads\/2025\/10\/sustainable-detourist-3.webp\" alt=\"\" class=\"wp-image-1325\" style=\"width:80px\" srcset=\"https:\/\/detourist.it\/wp-content\/uploads\/2025\/10\/sustainable-detourist-3.webp 238w, https:\/\/detourist.it\/wp-content\/uploads\/2025\/10\/sustainable-detourist-3-150x150.webp 150w\" sizes=\"auto, (max-width: 238px) 100vw, 238px\" \/><\/figure>\n\n\n\n<p class=\"has-text-align-center\"><strong><strong>Flexibilidad total<\/strong><\/strong><\/p>\n\n\n\n<p class=\"has-text-align-center\">El vale se puede usar para cualquier tour o experiencia con deTourist.<\/p>\n<\/div>\n<\/div>\n<\/div>\n\n\n\n<div class=\"wp-block-columns alignwide is-layout-flex wp-container-core-columns-is-layout-7abde1fe wp-block-columns-is-layout-flex\" style=\"padding-top:var(--wp--preset--spacing--40);padding-bottom:var(--wp--preset--spacing--40)\">\n<div class=\"wp-block-column is-layout-flow wp-block-column-is-layout-flow\">\n<div class=\"wp-block-group is-vertical is-content-justification-center is-layout-flex wp-container-core-group-is-layout-ce155fab wp-block-group-is-layout-flex\">\n<figure class=\"wp-block-image size-full is-resized wp-container-content-782f50a5\"><img loading=\"lazy\" decoding=\"async\" width=\"238\" height=\"238\" src=\"https:\/\/detourist.it\/wp-content\/uploads\/2025\/10\/sustainable-detourist-4.webp\" alt=\"\" class=\"wp-image-1326\" style=\"width:80px\" srcset=\"https:\/\/detourist.it\/wp-content\/uploads\/2025\/10\/sustainable-detourist-4.webp 238w, https:\/\/detourist.it\/wp-content\/uploads\/2025\/10\/sustainable-detourist-4-150x150.webp 150w\" sizes=\"auto, (max-width: 238px) 100vw, 238px\" \/><\/figure>\n\n\n\n<p class=\"has-text-align-center\"><strong><strong>Un regalo \u00fanico y personal<\/strong><\/strong><\/p>\n\n\n\n<p class=\"has-text-align-center\">Perfecto para cumplea\u00f1os, aniversarios o simplemente para sorprender a alguien que quieres.<\/p>\n<\/div>\n<\/div>\n\n\n\n<div class=\"wp-block-column is-layout-flow wp-block-column-is-layout-flow\">\n<div class=\"wp-block-group is-vertical is-content-justification-center is-layout-flex wp-container-core-group-is-layout-ce155fab wp-block-group-is-layout-flex\">\n<figure class=\"wp-block-image size-full is-resized wp-container-content-782f50a5\"><img loading=\"lazy\" decoding=\"async\" width=\"238\" height=\"237\" src=\"https:\/\/detourist.it\/wp-content\/uploads\/2025\/10\/sustainable-detourist-5.webp\" alt=\"\" class=\"wp-image-1327\" style=\"width:80px\" srcset=\"https:\/\/detourist.it\/wp-content\/uploads\/2025\/10\/sustainable-detourist-5.webp 238w, https:\/\/detourist.it\/wp-content\/uploads\/2025\/10\/sustainable-detourist-5-150x150.webp 150w\" sizes=\"auto, (max-width: 238px) 100vw, 238px\" \/><\/figure>\n\n\n\n<p class=\"has-text-align-center\"><strong><strong>Felicidad garantizada<\/strong><\/strong><\/p>\n\n\n\n<p class=\"has-text-align-center\">Tus amigos o familiares disfrutar\u00e1n de recuerdos inolvidables en Venecia.<\/p>\n<\/div>\n<\/div>\n<\/div>\n\n\n\n<div class=\"wp-block-group has-global-padding is-layout-constrained wp-block-group-is-layout-constrained\" style=\"padding-top:var(--wp--preset--spacing--50);padding-bottom:var(--wp--preset--spacing--50)\">\n<h2 class=\"wp-block-heading has-text-align-center\">C\u00f3mo funciona<\/h2>\n\n\n\n<p class=\"has-text-align-center\">Selecciona el importe y compra tu vale regalo a trav\u00e9s del widget de abajo. Recibe tu vale digital al instante por correo electr\u00f3nico. Comp\u00e1rtelo con tus seres queridos: podr\u00e1n canjearlo por cualquier experiencia cuando lo deseen.<\/p>\n<\/div>\n\n\n\n<div class=\"wp-block-group alignwide has-global-padding is-layout-constrained wp-block-group-is-layout-constrained\" style=\"padding-top:var(--wp--preset--spacing--50);padding-bottom:var(--wp--preset--spacing--50)\">\n<script type=\"text\/javascript\" src=\"https:\/\/widgets.bokun.io\/assets\/javascripts\/apps\/build\/BokunWidgetsLoader.js?bookingChannelUUID=a0563bba-9db4-485a-a2f6-a6a614cc4024\" async><\/script>\n<div class=\"bokunWidget\" data-src=\"https:\/\/widgets.bokun.io\/online-sales\/a0563bba-9db4-485a-a2f6-a6a614cc4024\/gift-card\/452\"><\/div>\n<noscript>Please enable javascript in your browser to book<\/noscript>\n<\/div>\n","protected":false},"excerpt":{"rendered":"<p>Tours en Venecia Compra una Tarjeta Regalo \u00a1Comparte tu pasi\u00f3n por Venecia con alguien especial! Mejor valor, mejor precio Aprovecha tarifas especiales y asegura la mejor oferta. Sin fecha de caducidad Nuestras tarjetas regalo nunca caducan \u2014 \u00a1son v\u00e1lidas para siempre! Flexibilidad total El vale se puede usar para cualquier tour o experiencia con deTourist. [&hellip;]<\/p>\n","protected":false},"author":1,"featured_media":0,"parent":0,"menu_order":0,"comment_status":"closed","ping_status":"closed","template":"templates\/gutenberg.php","meta":{"_acf_changed":false,"footnotes":""},"class_list":["post-2455","page","type-page","status-publish","hentry"],"acf":[],"_links":{"self":[{"href":"https:\/\/detourist.it\/es\/wp-json\/wp\/v2\/pages\/2455","targetHints":{"allow":["GET"]}}],"collection":[{"href":"https:\/\/detourist.it\/es\/wp-json\/wp\/v2\/pages"}],"about":[{"href":"https:\/\/detourist.it\/es\/wp-json\/wp\/v2\/types\/page"}],"author":[{"embeddable":true,"href":"https:\/\/detourist.it\/es\/wp-json\/wp\/v2\/users\/1"}],"replies":[{"embeddable":true,"href":"https:\/\/detourist.it\/es\/wp-json\/wp\/v2\/comments?post=2455"}],"version-history":[{"count":3,"href":"https:\/\/detourist.it\/es\/wp-json\/wp\/v2\/pages\/2455\/revisions"}],"predecessor-version":[{"id":2480,"href":"https:\/\/detourist.it\/es\/wp-json\/wp\/v2\/pages\/2455\/revisions\/2480"}],"wp:attachment":[{"href":"https:\/\/detourist.it\/es\/wp-json\/wp\/v2\/media?parent=2455"}],"curies":[{"name":"wp","href":"https:\/\/api.w.org\/{rel}","templated":true}]}}